{"id":7,"date":"2021-07-06T15:02:40","date_gmt":"2021-07-06T13:02:40","guid":{"rendered":"https:\/\/ijobs.ch\/?page_id=7"},"modified":"2021-07-06T15:02:40","modified_gmt":"2021-07-06T13:02:40","slug":"ueber-uns","status":"publish","type":"page","link":"https:\/\/ijobs.ch\/index.php\/ueber-uns\/","title":{"rendered":"\u00dcber uns"},"content":{"rendered":"\n<p>M\u00f6glicherweise sind Sie k\u00fcnstlerisch t\u00e4tig und m\u00f6chten sich und Ihre Arbeiten hier vorstellen. Oder haben Sie vielleicht ein Business mit einer Mission, die es zu beschreiben gilt?<\/p>\n","protected":false},"excerpt":{"rendered":"<p>M\u00f6glicherweise sind Sie k\u00fcnstlerisch t\u00e4tig und m\u00f6chten sich und Ihre Arbeiten hier vorstellen. Oder haben Sie vielleicht ein Business mit einer Mission, die es zu beschreiben gilt?<\/p>\n","protected":false},"author":1,"featured_media":0,"parent":0,"menu_order":0,"comment_status":"closed","ping_status":"closed","template":"","meta":{"footnotes":""},"class_list":["post-7","page","type-page","status-publish"],"yoast_head":"<!-- This site is optimized with the Yoast SEO plugin v27.4 - https:\/\/yoast.com\/product\/yoast-seo-wordpress\/ -->\n<title>\u00dcber uns - ijobs.ch<\/title>\n<meta name=\"robots\" content=\"index, follow, max-snippet:-1, max-image-preview:large, max-video-preview:-1\" \/>\n<link rel=\"canonical\" href=\"https:\/\/ijobs.ch\/index.php\/ueber-uns\/\" \/>\n<meta property=\"og:locale\" content=\"de_DE\" \/>\n<meta property=\"og:type\" content=\"article\" \/>\n<meta property=\"og:title\" content=\"\u00dcber uns - ijobs.ch\" \/>\n<meta property=\"og:description\" content=\"M\u00f6glicherweise sind Sie k\u00fcnstlerisch t\u00e4tig und m\u00f6chten sich und Ihre Arbeiten hier vorstellen. Oder haben Sie vielleicht ein Business mit einer Mission, die es zu beschreiben gilt?\" \/>\n<meta property=\"og:url\" content=\"https:\/\/ijobs.ch\/index.php\/ueber-uns\/\" \/>\n<meta property=\"og:site_name\" content=\"ijobs.ch\" \/>\n<meta name=\"twitter:card\" content=\"summary_large_image\" \/>\n<script type=\"application\/ld+json\" class=\"yoast-schema-graph\">{\"@context\":\"https:\\\/\\\/schema.org\",\"@graph\":[{\"@type\":\"WebPage\",\"@id\":\"https:\\\/\\\/ijobs.ch\\\/index.php\\\/ueber-uns\\\/\",\"url\":\"https:\\\/\\\/ijobs.ch\\\/index.php\\\/ueber-uns\\\/\",\"name\":\"\u00dcber uns - ijobs.ch\",\"isPartOf\":{\"@id\":\"https:\\\/\\\/ijobs.ch\\\/#website\"},\"datePublished\":\"2021-07-06T13:02:40+00:00\",\"breadcrumb\":{\"@id\":\"https:\\\/\\\/ijobs.ch\\\/index.php\\\/ueber-uns\\\/#breadcrumb\"},\"inLanguage\":\"de-CH\",\"potentialAction\":[{\"@type\":\"ReadAction\",\"target\":[\"https:\\\/\\\/ijobs.ch\\\/index.php\\\/ueber-uns\\\/\"]}]},{\"@type\":\"BreadcrumbList\",\"@id\":\"https:\\\/\\\/ijobs.ch\\\/index.php\\\/ueber-uns\\\/#breadcrumb\",\"itemListElement\":[{\"@type\":\"ListItem\",\"position\":1,\"name\":\"Home\",\"item\":\"https:\\\/\\\/ijobs.ch\\\/\"},{\"@type\":\"ListItem\",\"position\":2,\"name\":\"\u00dcber uns\"}]},{\"@type\":\"WebSite\",\"@id\":\"https:\\\/\\\/ijobs.ch\\\/#website\",\"url\":\"https:\\\/\\\/ijobs.ch\\\/\",\"name\":\"ijobs.ch\",\"description\":\"\",\"potentialAction\":[{\"@type\":\"SearchAction\",\"target\":{\"@type\":\"EntryPoint\",\"urlTemplate\":\"https:\\\/\\\/ijobs.ch\\\/?s={search_term_string}\"},\"query-input\":{\"@type\":\"PropertyValueSpecification\",\"valueRequired\":true,\"valueName\":\"search_term_string\"}}],\"inLanguage\":\"de-CH\"}]}<\/script>\n<!-- \/ Yoast SEO plugin. -->","yoast_head_json":{"title":"\u00dcber uns - ijobs.ch","robots":{"index":"index","follow":"follow","max-snippet":"max-snippet:-1","max-image-preview":"max-image-preview:large","max-video-preview":"max-video-preview:-1"},"canonical":"https:\/\/ijobs.ch\/index.php\/ueber-uns\/","og_locale":"de_DE","og_type":"article","og_title":"\u00dcber uns - ijobs.ch","og_description":"M\u00f6glicherweise sind Sie k\u00fcnstlerisch t\u00e4tig und m\u00f6chten sich und Ihre Arbeiten hier vorstellen. Oder haben Sie vielleicht ein Business mit einer Mission, die es zu beschreiben gilt?","og_url":"https:\/\/ijobs.ch\/index.php\/ueber-uns\/","og_site_name":"ijobs.ch","twitter_card":"summary_large_image","schema":{"@context":"https:\/\/schema.org","@graph":[{"@type":"WebPage","@id":"https:\/\/ijobs.ch\/index.php\/ueber-uns\/","url":"https:\/\/ijobs.ch\/index.php\/ueber-uns\/","name":"\u00dcber uns - ijobs.ch","isPartOf":{"@id":"https:\/\/ijobs.ch\/#website"},"datePublished":"2021-07-06T13:02:40+00:00","breadcrumb":{"@id":"https:\/\/ijobs.ch\/index.php\/ueber-uns\/#breadcrumb"},"inLanguage":"de-CH","potentialAction":[{"@type":"ReadAction","target":["https:\/\/ijobs.ch\/index.php\/ueber-uns\/"]}]},{"@type":"BreadcrumbList","@id":"https:\/\/ijobs.ch\/index.php\/ueber-uns\/#breadcrumb","itemListElement":[{"@type":"ListItem","position":1,"name":"Home","item":"https:\/\/ijobs.ch\/"},{"@type":"ListItem","position":2,"name":"\u00dcber uns"}]},{"@type":"WebSite","@id":"https:\/\/ijobs.ch\/#website","url":"https:\/\/ijobs.ch\/","name":"ijobs.ch","description":"","potentialAction":[{"@type":"SearchAction","target":{"@type":"EntryPoint","urlTemplate":"https:\/\/ijobs.ch\/?s={search_term_string}"},"query-input":{"@type":"PropertyValueSpecification","valueRequired":true,"valueName":"search_term_string"}}],"inLanguage":"de-CH"}]}},"_links":{"self":[{"href":"https:\/\/ijobs.ch\/index.php\/wp-json\/wp\/v2\/pages\/7","targetHints":{"allow":["GET"]}}],"collection":[{"href":"https:\/\/ijobs.ch\/index.php\/wp-json\/wp\/v2\/pages"}],"about":[{"href":"https:\/\/ijobs.ch\/index.php\/wp-json\/wp\/v2\/types\/page"}],"author":[{"embeddable":true,"href":"https:\/\/ijobs.ch\/index.php\/wp-json\/wp\/v2\/users\/1"}],"replies":[{"embeddable":true,"href":"https:\/\/ijobs.ch\/index.php\/wp-json\/wp\/v2\/comments?post=7"}],"version-history":[{"count":1,"href":"https:\/\/ijobs.ch\/index.php\/wp-json\/wp\/v2\/pages\/7\/revisions"}],"predecessor-version":[{"id":12,"href":"https:\/\/ijobs.ch\/index.php\/wp-json\/wp\/v2\/pages\/7\/revisions\/12"}],"wp:attachment":[{"href":"https:\/\/ijobs.ch\/index.php\/wp-json\/wp\/v2\/media?parent=7"}],"curies":[{"name":"wp","href":"https:\/\/api.w.org\/{rel}","templated":true}]}}